{"id":2157,"date":"2021-04-08T22:05:29","date_gmt":"2021-04-08T20:05:29","guid":{"rendered":"https:\/\/www.amdb-architetti.it\/?page_id=2157"},"modified":"2021-04-08T22:14:18","modified_gmt":"2021-04-08T20:14:18","slug":"about-us","status":"publish","type":"page","link":"https:\/\/www.amdb-architetti.it\/en\/about-us\/","title":{"rendered":"About us"},"content":{"rendered":"<p>[et_pb_section fb_built=&#8221;1&#8243; _builder_version=&#8221;4.3.4&#8243;][et_pb_row _builder_version=&#8221;4.3.4&#8243; custom_margin=&#8221;|auto|-27px|auto||&#8221;][et_pb_column type=&#8221;4_4&#8243; _builder_version=&#8221;4.3.4&#8243;][et_pb_image src=&#8221;http:\/\/www.amdb-architetti.it\/wp-content\/uploads\/2020\/03\/AMDB_STUDIO-1-scaled.jpg&#8221; _builder_version=&#8221;4.3.4&#8243; custom_margin=&#8221;||-2px|||&#8221;][\/et_pb_image][\/et_pb_column][\/et_pb_row][\/et_pb_section][et_pb_section fb_built=&#8221;1&#8243; _builder_version=&#8221;4.3.4&#8243; background_color=&#8221;#ededed&#8221; custom_margin=&#8221;-50px|||||&#8221; custom_padding=&#8221;0px|||||&#8221;][et_pb_row _builder_version=&#8221;4.3.4&#8243; width=&#8221;90%&#8221; custom_padding=&#8221;87px|||||&#8221;][et_pb_column type=&#8221;4_4&#8243; _builder_version=&#8221;4.3.4&#8243;][et_pb_text _builder_version=&#8221;4.9.2&#8243; text_font_size=&#8221;18px&#8221; text_line_height=&#8221;1.8em&#8221; custom_margin=&#8221;|||23px||&#8221; custom_padding=&#8221;|24px||||&#8221; custom_padding_tablet=&#8221;|20px||20px|false|false&#8221; custom_padding_phone=&#8221;|25px||20px|false|false&#8221; custom_padding_last_edited=&#8221;on|tablet&#8221; hover_enabled=&#8221;0&#8243; sticky_enabled=&#8221;0&#8243;]<\/p>\n<p>The professional activity of amdb Studio, both in Italy and abroad, is aimed mainly at the design and construction of residential, commercial and tourist-hospitality projects. We are recognized for the contemporary architecture imprint we bring to our work. Our projects are focused on the recovery and enhancement of existing buildings, designing spaces without sacrificing their valuable architectural details.<br \/>Our recovery and enhancement efforts are complemented by prestigious single-family residence commissions for which we perform complete, integrated studies of the internal and external spaces.<br \/>We are a full, turnkey project, architecture firm thus interior design represents an important aspect of our offering which completes even the most complex of projects. AMDB\u2019s interior design activity enhances the construction of new residential complexes and housing units by offering accommodations to satisfy even the most discerning of tastes yet always with a focus on design from an architectural point of view.<br \/>Many of the projects carried out by AMDB Studio have been featured in well-known architectural magazines and received recognition in important competitions at the national level.<\/p>\n<p>[\/et_pb_text][\/et_pb_column][\/et_pb_row][et_pb_row column_structure=&#8221;1_4,1_4,1_4,1_4&#8243; _builder_version=&#8221;4.3.4&#8243;][et_pb_column type=&#8221;1_4&#8243; _builder_version=&#8221;4.3.4&#8243;][et_pb_image src=&#8221;http:\/\/www.amdb-architetti.it\/wp-content\/uploads\/2020\/03\/01.png&#8221; _builder_version=&#8221;4.3.4&#8243;][\/et_pb_image][\/et_pb_column][et_pb_column type=&#8221;1_4&#8243; _builder_version=&#8221;4.3.4&#8243;][et_pb_image src=&#8221;http:\/\/www.amdb-architetti.it\/wp-content\/uploads\/2020\/03\/02.png&#8221; _builder_version=&#8221;4.3.4&#8243;][\/et_pb_image][\/et_pb_column][et_pb_column type=&#8221;1_4&#8243; _builder_version=&#8221;4.3.4&#8243;][et_pb_image src=&#8221;http:\/\/www.amdb-architetti.it\/wp-content\/uploads\/2020\/03\/03.png&#8221; _builder_version=&#8221;4.3.4&#8243;][\/et_pb_image][\/et_pb_column][et_pb_column type=&#8221;1_4&#8243; _builder_version=&#8221;4.3.4&#8243;][et_pb_image src=&#8221;http:\/\/www.amdb-architetti.it\/wp-content\/uploads\/2020\/03\/05.png&#8221; _builder_version=&#8221;4.3.4&#8243;][\/et_pb_image][\/et_pb_column][\/et_pb_row][\/et_pb_section]<\/p>\n","protected":false},"excerpt":{"rendered":"<p>The professional activity of amdb Studio, both in Italy and abroad, is aimed mainly at the design and construction of residential, commercial and tourist-hospitality projects. We are recognized for the contemporary architecture imprint we bring to our work. Our projects are focused on the recovery and enhancement of existing buildings, designing spaces without sacrificing their [&hellip;]<\/p>\n","protected":false},"author":3,"featured_media":0,"parent":0,"menu_order":0,"comment_status":"closed","ping_status":"closed","template":"","meta":{"_et_pb_use_builder":"on","_et_pb_old_content":"<p>[et_pb_section fb_built=\"1\" _builder_version=\"4.3.4\"][et_pb_row _builder_version=\"4.3.4\" custom_margin=\"|auto|-27px|auto||\"][et_pb_column _builder_version=\"4.3.4\" type=\"4_4\"][et_pb_image src=\"http:\/\/www.amdb-architetti.it\/wp-content\/uploads\/2020\/03\/AMDB_STUDIO-1-scaled.jpg\" _builder_version=\"4.3.4\" hover_enabled=\"0\" custom_margin=\"||-2px|||\"][\/et_pb_image][\/et_pb_column][\/et_pb_row][\/et_pb_section][et_pb_section fb_built=\"1\" _builder_version=\"4.3.4\" custom_padding=\"0px|||||\" hover_enabled=\"0\" custom_margin=\"-50px|||||\" background_color=\"#ededed\"][et_pb_row _builder_version=\"4.3.4\" width=\"90%\" custom_padding=\"87px|||||\"][et_pb_column type=\"4_4\" _builder_version=\"4.3.4\"][et_pb_text _builder_version=\"4.3.4\" text_font_size=\"18px\" text_line_height=\"1.8em\" custom_padding_tablet=\"|20px||20px|false|false\" custom_padding_phone=\"|25px||20px|false|false\" custom_padding_last_edited=\"on|tablet\" custom_margin=\"|||23px||\" custom_padding=\"|24px||||\"]<\/p><p style=\"text-align: justify;\">L\u2019attivit\u00e0 professionale dello Studio \u00e8 prevalentemente rivolta alla progettazione e alla realizzazione di architetture di tipo residenziale, commerciale e turistico-ricettivo di impronta contemporanea in Italia e all\u2019estero. Per lo pi\u00f9 trattasi di opere volte al recupero nonch\u00e9 alla valorizzazione dell\u2019edificato esistente cercando di preservarne gli aspetti di pregio e progettando gli spazi alla ricerca di una armonia compositiva senza mai tralasciare l\u2019approfondimento di ogni singolo dettaglio. L\u2019interior design infatti rappresenta una importante caratterizzazione professionale che generalmente completa anche i progetti pi\u00f9 complessi.L\u2019attivit\u00e0 progettuale dello studio si occupa anche di nuova edificazione di complessi residenziali e unit\u00e0 abitative, proponendo alloggi con caratteristiche di alto livello dal punto di vista architettonico, funzionale, distributivo e di finitura. Molti dei progetti realizzati sono recensiti da note riviste di settore e hanno avuto il riconoscimento di importanti concorsi a livello nazionale. Negli ultimi anni l\u2019attivit\u00e0 di progettazione si \u00e8 particolarmente concentrata sulle residenze unifamiliari di pregio per le quali si \u00e8 condotto un integrato studio degli spazi interni ed esterni.<\/p><p>[\/et_pb_text][\/et_pb_column][\/et_pb_row][et_pb_row column_structure=\"1_4,1_4,1_4,1_4\" _builder_version=\"4.3.4\"][et_pb_column type=\"1_4\" _builder_version=\"4.3.4\"][et_pb_image src=\"http:\/\/www.amdb-architetti.it\/wp-content\/uploads\/2020\/03\/01.png\" _builder_version=\"4.3.4\"][\/et_pb_image][\/et_pb_column][et_pb_column type=\"1_4\" _builder_version=\"4.3.4\"][et_pb_image src=\"http:\/\/www.amdb-architetti.it\/wp-content\/uploads\/2020\/03\/02.png\" _builder_version=\"4.3.4\"][\/et_pb_image][\/et_pb_column][et_pb_column type=\"1_4\" _builder_version=\"4.3.4\"][et_pb_image src=\"http:\/\/www.amdb-architetti.it\/wp-content\/uploads\/2020\/03\/03.png\" _builder_version=\"4.3.4\"][\/et_pb_image][\/et_pb_column][et_pb_column type=\"1_4\" _builder_version=\"4.3.4\"][et_pb_image src=\"http:\/\/www.amdb-architetti.it\/wp-content\/uploads\/2020\/03\/05.png\" _builder_version=\"4.3.4\"][\/et_pb_image][\/et_pb_column][\/et_pb_row][\/et_pb_section]<\/p>","_et_gb_content_width":"","footnotes":""},"yst_prominent_words":[],"class_list":["post-2157","page","type-page","status-publish","hentry"],"_links":{"self":[{"href":"https:\/\/www.amdb-architetti.it\/en\/wp-json\/wp\/v2\/pages\/2157","targetHints":{"allow":["GET"]}}],"collection":[{"href":"https:\/\/www.amdb-architetti.it\/en\/wp-json\/wp\/v2\/pages"}],"about":[{"href":"https:\/\/www.amdb-architetti.it\/en\/wp-json\/wp\/v2\/types\/page"}],"author":[{"embeddable":true,"href":"https:\/\/www.amdb-architetti.it\/en\/wp-json\/wp\/v2\/users\/3"}],"replies":[{"embeddable":true,"href":"https:\/\/www.amdb-architetti.it\/en\/wp-json\/wp\/v2\/comments?post=2157"}],"version-history":[{"count":7,"href":"https:\/\/www.amdb-architetti.it\/en\/wp-json\/wp\/v2\/pages\/2157\/revisions"}],"predecessor-version":[{"id":2166,"href":"https:\/\/www.amdb-architetti.it\/en\/wp-json\/wp\/v2\/pages\/2157\/revisions\/2166"}],"wp:attachment":[{"href":"https:\/\/www.amdb-architetti.it\/en\/wp-json\/wp\/v2\/media?parent=2157"}],"wp:term":[{"taxonomy":"yst_prominent_words","embeddable":true,"href":"https:\/\/www.amdb-architetti.it\/en\/wp-json\/wp\/v2\/yst_prominent_words?post=2157"}],"curies":[{"name":"wp","href":"https:\/\/api.w.org\/{rel}","templated":true}]}}